{"id":15,"date":"2024-03-21T14:56:05","date_gmt":"2024-03-21T13:56:05","guid":{"rendered":"https:\/\/pensionmaryam.ch\/?page_id=15"},"modified":"2026-03-13T13:38:21","modified_gmt":"2026-03-13T12:38:21","slug":"pension-pour-chevaux-retraites","status":"publish","type":"page","link":"https:\/\/pensionmaryam.ch\/fr\/pension-pour-chevaux-retraites\/","title":{"rendered":"Pension pour chevaux retrait\u00e9s"},"content":{"rendered":"<h1>Pension pour chevaux retrait\u00e9s<\/h1>\n<div>\n<p>Le bien \u00eatre de votre cheval est notre priorit\u00e9.<\/p>\n<\/div>\n<h2>Tarifs de base : 500.- CHF \/ mois<\/h2>\n<p>\n    <a href=\"\/fr\/tarifs\/\">D\u00e9couvrir nos tarifs<\/a>\n<\/p>\n<h2>Infrastructures<\/h2>\n<ul>\n<li>\n<p>        <img decoding=\"async\" src=\"\/wp-content\/uploads\/2025\/06\/1000084949.jpg\" alt=\"\"><\/p>\n<\/li>\n<li>\n<p>        <img decoding=\"async\" src=\"\/wp-content\/uploads\/2025\/06\/1000083923.jpg\" alt=\"\"><\/p>\n<\/li>\n<li>\n<p>        <img decoding=\"async\" src=\"\/wp-content\/uploads\/2025\/06\/1000083925.jpg\" alt=\"\"><\/p>\n<\/li>\n<\/ul>\n<ul>\n<li>\n<h3>Stabulation libre<\/h3>\n<div>Stabulation libre aux normes avec couche profonde paill\u00e9e quotidiennement (paille bio produite sur l\u2019exploitation).<\/div>\n<\/li>\n<li>\n<h3>R\u00e2teliers<\/h3>\n<div>R\u00e2teliers en libres services int\u00e9rieurs et ext\u00e9rieurs.<\/div>\n<\/li>\n<li>\n<h3>Acc\u00e8s<\/h3>\n<div>Acc\u00e8s SST-SRPA \u00e0 l\u2019ann\u00e9e.<br \/>\nAcc\u00e8s au p\u00e2turage libre, lorsque les conditions sont optimales, lors de la belle saison env. mars \u00e0 novembre.<\/div>\n<\/li>\n<li>\n<h3>Carr\u00e9 de sable<\/h3>\n<div>Carr\u00e9 de sable \u00e0 disposition 30&#215;50 m\u00e8tres.<\/div>\n<\/li>\n<li>\n<h3>Box d\u2019int\u00e9gration<\/h3>\n<div>Box d\u2019int\u00e9gration lors d\u2019une nouvelle arriv\u00e9e. Votre cheval s\u2019habituera \u00e0 son rythme et en toute s\u00e9curit\u00e9 dans son nouvel environnement.<\/div>\n<\/li>\n<li>\n<h3>Box d&rsquo;infirmerie<\/h3>\n<div>Box d\u2019infirmerie en cas d\u2019isolement du cheval.<\/div>\n<\/li>\n<li>\n<h3>Visites<\/h3>\n<div>Possibilit\u00e9 de venir voir et panser votre cheval. Place d\u2019attache et douche \u00e0 disposition, avec casier \u00e0 disposition pour votre mat\u00e9riel si n\u00e9cessaire. Pour une question d\u2019organisation et afin d\u2019\u00e9viter plusieurs visiteurs en m\u00eame temps, les visites se feront sur rendez-vous du lundi au samedi.<\/div>\n<\/li>\n<li>\n<h3>Surveillance<\/h3>\n<div>Surveillance des chevaux 7\/7 avec contr\u00f4le 3x\/jour.<\/div>\n<\/li>\n<\/ul>\n<ul>\n<li>\n<p>        <img decoding=\"async\" src=\"\/wp-content\/uploads\/2025\/06\/1000083920.jpg\" alt=\"\"><\/p>\n<\/li>\n<li>\n<p>        <img decoding=\"async\" src=\"\/wp-content\/uploads\/2025\/06\/1000083922.jpg\" alt=\"\"><\/p>\n<\/li>\n<li>\n<p>        <img decoding=\"async\" src=\"\/wp-content\/uploads\/2025\/06\/1000083921.jpg\" alt=\"\"><\/p>\n<\/li>\n<li>\n<p>        <img decoding=\"async\" src=\"\/wp-content\/uploads\/2025\/06\/1000083924.jpg\" alt=\"\"><\/p>\n<\/li>\n<li>\n<p>        <img decoding=\"async\" src=\"\/wp-content\/uploads\/2025\/06\/1000083926.jpg\" alt=\"\"><\/p>\n<\/li>\n<li>\n<p>        <img decoding=\"async\" src=\"\/wp-content\/uploads\/2025\/06\/1000084618.jpg\" alt=\"\"><\/p>\n<\/li>\n<li>\n<p>        <img decoding=\"async\" src=\"\/wp-content\/uploads\/2025\/06\/1000083923.jpg\" alt=\"\"><\/p>\n<\/li>\n<\/ul>\n<div>\n<p>Nous nous effor\u00e7ons de nous adapter au mieux aux chevaux, et voulons leur offrir une qualit\u00e9 de vie optimale et dans les meilleures conditions que possible. D\u00e8s lors, si cette qualit\u00e9 de vie n\u2019est plus justifi\u00e9e, nous prendrons la d\u00e9cision de dire stop au bon moment afin d\u2019\u00e9viter le maximum de souffrance \u00e0 votre cheval.<\/p>\n<\/div>\n<p><!--more--><br \/>\n<!-- {\"type\":\"layout\",\"children\":[{\"name\":\"Hero\",\"type\":\"section\",\"props\":{\"animation\":\"slide-bottom-medium\",\"animation_delay\":\"200\",\"image\":\"wp-content\\\/uploads\\\/2024\\\/04\\\/pension.jpg\",\"image_loading\":true,\"image_position\":\"center-center\",\"image_size\":\"cover\",\"media\":\"images\\\/service-header.jpg\",\"media_overlay\":\"rgba(255, 255, 255, 0.59)\",\"padding\":\"large\",\"style\":\"default\",\"title_breakpoint\":\"xl\",\"title_position\":\"top-left\",\"title_rotation\":\"left\",\"vertical_align\":\"\",\"width\":\"default\"},\"children\":[{\"type\":\"row\",\"children\":[{\"type\":\"column\",\"props\":{\"image_position\":\"center-center\",\"position_sticky_breakpoint\":\"m\",\"width_medium\":\"1-1\"},\"children\":[{\"type\":\"headline\",\"props\":{\"content\":\"Pension pour chevaux retrait\\u00e9s\",\"maxwidth\":\"2xlarge\",\"text_align\":\"left\",\"text_align_breakpoint\":\"s\",\"text_align_fallback\":\"center\",\"title_element\":\"h1\",\"title_style\":\"h1\"}},{\"type\":\"text\",\"props\":{\"column_breakpoint\":\"m\",\"content\":\"\n\n<p>Le bien \\u00eatre de votre cheval est notre priorit\\u00e9.<\\\/p>\",\"margin\":\"\",\"margin_remove_bottom\":false,\"maxwidth\":\"xlarge\",\"text_align\":\"left\",\"text_align_breakpoint\":\"s\",\"text_align_fallback\":\"center\",\"text_style\":\"lead\"}},{\"type\":\"headline\",\"props\":{\"content\":\"Tarifs de base : 500.- CHF \\\/ mois\",\"margin_remove_bottom\":false,\"text_align\":\"left\",\"text_align_breakpoint\":\"s\",\"text_align_fallback\":\"center\",\"title_element\":\"h2\",\"title_style\":\"h3\"}},{\"type\":\"button\",\"props\":{\"button_size\":\"large\",\"grid_column_gap\":\"small\",\"grid_row_gap\":\"small\",\"margin\":\"medium\",\"text_align\":\"left\",\"text_align_breakpoint\":\"s\",\"text_align_fallback\":\"center\"},\"children\":[{\"type\":\"button_item\",\"props\":{\"button_style\":\"primary\",\"content\":\"D\\u00e9couvrir nos tarifs\",\"icon_align\":\"left\",\"link\":\"fr\\\/tarifs\\\/\"}}]}]}]}]},{\"name\":\"Services\",\"type\":\"section\",\"props\":{\"animation\":\"slide-bottom-medium\",\"animation_delay\":\"200\",\"image_position\":\"center-center\",\"image_size\":\"cover\",\"padding\":\"large\",\"style\":\"secondary\",\"title_breakpoint\":\"xl\",\"title_position\":\"top-left\",\"title_rotation\":\"left\",\"vertical_align\":\"\",\"width\":\"default\"},\"children\":[{\"type\":\"row\",\"children\":[{\"type\":\"column\",\"props\":{\"image_position\":\"center-center\",\"position_sticky_breakpoint\":\"m\",\"width_medium\":\"1-1\"},\"children\":[{\"type\":\"headline\",\"props\":{\"content\":\"Infrastructures\",\"margin\":\"xlarge\",\"margin_remove_bottom\":true,\"margin_remove_top\":false,\"text_align\":\"left\",\"text_align_breakpoint\":\"s\",\"text_align_fallback\":\"center\",\"title_element\":\"h2\",\"title_style\":\"h1\"}},{\"type\":\"alert\",\"props\":{\"alert_size\":false,\"alert_style\":\"primary\",\"content\":\"\n\n<p>Les box sont actuellement encore en construction. Une fois termin\\u00e9s, des photos de pr\\u00e9sentation seront ajout\\u00e9es sur cette page.<\\\/p>\",\"css\":\".el-element {\\n    border-radius: 5px;\\n}\\n\\n.el-title {\\n\\tcolor: #3B324A;\\n}\\n\",\"margin\":\"medium\",\"margin_remove_top\":false,\"status\":\"disabled\",\"text_align\":\"left\",\"text_align_breakpoint\":\"s\",\"text_align_fallback\":\"center\",\"title\":\"Box en construction\",\"title_element\":\"h3\",\"title_inline\":false,\"title_style\":\"text-bold\"}},{\"type\":\"gallery\",\"props\":{\"filter_align\":\"left\",\"filter_all\":true,\"filter_grid_breakpoint\":\"m\",\"filter_grid_width\":\"auto\",\"filter_position\":\"top\",\"filter_style\":\"tab\",\"grid_default\":\"1\",\"grid_medium\":\"3\",\"image_border\":\"rounded\",\"item_animation\":true,\"lightbox\":true,\"link_style\":\"default\",\"link_text\":\"<svg width=\\\"20\\\" height=\\\"20\\\" viewBox=\\\"0 0 20 20\\\"><circle fill=\\\"none\\\" stroke=\\\"#000\\\" stroke-width=\\\"1.1\\\" cx=\\\"9\\\" cy=\\\"9\\\" r=\\\"7\\\"><\\\/circle><path fill=\\\"none\\\" stroke=\\\"#000\\\" stroke-width=\\\"1.1\\\" d=\\\"M14,14 L18,18 L14,14 Z\\\"><\\\/path><\\\/svg>\",\"margin\":\"large\",\"meta_align\":\"below-title\",\"meta_element\":\"div\",\"meta_style\":\"text-meta\",\"overlay_hover\":true,\"overlay_link\":true,\"overlay_mode\":\"cover\",\"overlay_position\":\"center\",\"overlay_style\":\"\",\"overlay_transition\":\"fade\",\"overlay_transition_background\":false,\"show_content\":true,\"show_hover_image\":true,\"show_hover_video\":true,\"show_link\":true,\"show_meta\":true,\"show_title\":false,\"text_align\":\"center\",\"text_blend\":false,\"text_color\":\"light\",\"text_color_hover\":false,\"title_element\":\"h3\",\"title_hover_style\":\"reset\"},\"children\":[{\"type\":\"gallery_item\",\"props\":{\"image\":\"wp-content\\\/uploads\\\/2025\\\/06\\\/1000084949.jpg\",\"title\":\"\"}},{\"type\":\"gallery_item\",\"props\":{\"image\":\"wp-content\\\/uploads\\\/2025\\\/06\\\/1000083923.jpg\",\"title\":\"\"}},{\"type\":\"gallery_item\",\"props\":{\"image\":\"wp-content\\\/uploads\\\/2025\\\/06\\\/1000083925.jpg\",\"title\":\"\"}}]},{\"type\":\"grid\",\"props\":{\"block_align\":\"center\",\"content_column_breakpoint\":\"m\",\"filter_align\":\"left\",\"filter_all\":true,\"filter_grid_breakpoint\":\"m\",\"filter_grid_width\":\"auto\",\"filter_position\":\"top\",\"filter_style\":\"tab\",\"grid_column_align\":false,\"grid_column_gap\":\"small\",\"grid_default\":\"1\",\"grid_divider\":true,\"grid_medium\":\"\",\"grid_row_align\":false,\"icon_ratio\":4,\"icon_width\":80,\"image_align\":\"top\",\"image_grid_breakpoint\":\"m\",\"image_grid_width\":\"1-2\",\"image_svg_color\":\"emphasis\",\"item_animation\":true,\"link_style\":\"default\",\"link_text\":\"Read more\",\"margin\":\"large\",\"margin_remove_bottom\":true,\"meta_align\":\"below-title\",\"meta_element\":\"div\",\"meta_style\":\"text-meta\",\"parallax_easing\":\"1\",\"show_content\":true,\"show_image\":true,\"show_link\":true,\"show_meta\":true,\"show_title\":true,\"text_align\":\"left\",\"text_align_breakpoint\":\"s\",\"text_align_fallback\":\"center\",\"title_align\":\"left\",\"title_element\":\"h3\",\"title_grid_breakpoint\":\"m\",\"title_grid_width\":\"1-3\",\"title_hover_style\":\"reset\",\"title_style\":\"h5\"},\"children\":[{\"type\":\"grid_item\",\"props\":{\"content\":\"Stabulation libre aux normes avec couche profonde paill\\u00e9e quotidiennement (paille bio produite sur l\\u2019exploitation).\",\"title\":\"Stabulation libre\"}},{\"type\":\"grid_item\",\"props\":{\"content\":\"R\\u00e2teliers en libres services int\\u00e9rieurs et ext\\u00e9rieurs.\",\"title\":\"R\\u00e2teliers\"}},{\"type\":\"grid_item\",\"props\":{\"content\":\"Acc\\u00e8s SST-SRPA \\u00e0 l\\u2019ann\\u00e9e.<br \/>\\nAcc\\u00e8s au p\\u00e2turage libre, lorsque les conditions sont optimales, lors de la belle saison env. mars \\u00e0 novembre.\",\"title\":\"Acc\\u00e8s\"}},{\"type\":\"grid_item\",\"props\":{\"content\":\"Carr\\u00e9 de sable \\u00e0 disposition 30x50 m\\u00e8tres.\",\"title\":\"Carr\\u00e9 de sable\"}},{\"type\":\"grid_item\",\"props\":{\"content\":\"Box d\\u2019int\\u00e9gration lors d\\u2019une nouvelle arriv\\u00e9e. Votre cheval s\\u2019habituera \\u00e0 son rythme et en toute s\\u00e9curit\\u00e9 dans son nouvel environnement.\",\"title\":\"Box d\\u2019int\\u00e9gration\"}},{\"type\":\"grid_item\",\"props\":{\"content\":\"Box d\\u2019infirmerie en cas d\\u2019isolement du cheval.\",\"title\":\"Box d'infirmerie\"}},{\"type\":\"grid_item\",\"props\":{\"content\":\"Possibilit\\u00e9 de venir voir et panser votre cheval. Place d\\u2019attache et douche \\u00e0 disposition, avec casier \\u00e0 disposition pour votre mat\\u00e9riel si n\\u00e9cessaire. Pour une question d\\u2019organisation et afin d\\u2019\\u00e9viter plusieurs visiteurs en m\\u00eame temps, les visites se feront sur rendez-vous du lundi au samedi.\",\"title\":\"Visites\"}},{\"type\":\"grid_item\",\"props\":{\"content\":\"Surveillance des chevaux 7\\\/7 avec contr\\u00f4le 3x\\\/jour.\",\"title\":\"Surveillance\"}}]},{\"type\":\"gallery\",\"props\":{\"filter_align\":\"left\",\"filter_all\":true,\"filter_grid_breakpoint\":\"m\",\"filter_grid_width\":\"auto\",\"filter_position\":\"top\",\"filter_style\":\"tab\",\"grid_default\":\"1\",\"grid_masonry\":\"next\",\"grid_medium\":\"3\",\"grid_parallax_justify\":true,\"image_border\":\"rounded\",\"item_animation\":true,\"lightbox\":true,\"link_style\":\"default\",\"link_text\":\"<svg width=\\\"20\\\" height=\\\"20\\\" viewBox=\\\"0 0 20 20\\\"><circle fill=\\\"none\\\" stroke=\\\"#000\\\" stroke-width=\\\"1.1\\\" cx=\\\"9\\\" cy=\\\"9\\\" r=\\\"7\\\"><\\\/circle><path fill=\\\"none\\\" stroke=\\\"#000\\\" stroke-width=\\\"1.1\\\" d=\\\"M14,14 L18,18 L14,14 Z\\\"><\\\/path><\\\/svg>\",\"margin\":\"large\",\"meta_align\":\"below-title\",\"meta_element\":\"div\",\"meta_style\":\"text-meta\",\"overlay_hover\":true,\"overlay_link\":true,\"overlay_mode\":\"cover\",\"overlay_position\":\"center\",\"overlay_style\":\"\",\"overlay_transition\":\"fade\",\"overlay_transition_background\":false,\"show_content\":true,\"show_hover_image\":true,\"show_hover_video\":true,\"show_link\":true,\"show_meta\":true,\"show_title\":false,\"text_align\":\"center\",\"text_blend\":false,\"text_color\":\"light\",\"text_color_hover\":false,\"title_element\":\"h3\",\"title_hover_style\":\"reset\"},\"children\":[{\"type\":\"gallery_item\",\"props\":{\"image\":\"wp-content\\\/uploads\\\/2025\\\/06\\\/1000083920.jpg\",\"title\":\"\"}},{\"type\":\"gallery_item\",\"props\":{\"image\":\"wp-content\\\/uploads\\\/2025\\\/06\\\/1000083922.jpg\",\"title\":\"\"}},{\"type\":\"gallery_item\",\"props\":{\"image\":\"wp-content\\\/uploads\\\/2025\\\/06\\\/1000083921.jpg\",\"title\":\"\"}},{\"type\":\"gallery_item\",\"props\":{\"image\":\"wp-content\\\/uploads\\\/2025\\\/06\\\/1000083924.jpg\",\"title\":\"\"}},{\"type\":\"gallery_item\",\"props\":{\"image\":\"wp-content\\\/uploads\\\/2025\\\/06\\\/1000083926.jpg\",\"title\":\"\"}},{\"type\":\"gallery_item\",\"props\":{\"image\":\"wp-content\\\/uploads\\\/2025\\\/06\\\/1000084618.jpg\",\"title\":\"\"}},{\"type\":\"gallery_item\",\"props\":{\"image\":\"wp-content\\\/uploads\\\/2025\\\/06\\\/1000083923.jpg\",\"title\":\"\"}}]}]}]}]},{\"type\":\"section\",\"props\":{\"image_position\":\"center-center\",\"style\":\"muted\",\"title_breakpoint\":\"xl\",\"title_position\":\"top-left\",\"title_rotation\":\"left\",\"vertical_align\":\"\",\"width\":\"default\"},\"children\":[{\"type\":\"row\",\"children\":[{\"type\":\"column\",\"props\":{\"image_position\":\"center-center\",\"position_sticky_breakpoint\":\"m\"},\"children\":[{\"type\":\"text\",\"props\":{\"column_breakpoint\":\"m\",\"content\":\"\n\n<p>Nous nous effor\\u00e7ons de nous adapter au mieux aux chevaux, et voulons leur offrir une qualit\\u00e9 de vie optimale et dans les meilleures conditions que possible. D\\u00e8s lors, si cette qualit\\u00e9 de vie n\\u2019est plus justifi\\u00e9e, nous prendrons la d\\u00e9cision de dire stop au bon moment afin d\\u2019\\u00e9viter le maximum de souffrance \\u00e0 votre cheval.<\\\/p>\",\"margin\":\"\",\"margin_remove_bottom\":false,\"text_align\":\"left\",\"text_align_breakpoint\":\"s\",\"text_align_fallback\":\"center\"}}]}]}]}],\"version\":\"4.4.3\"} --><\/p>\n","protected":false},"excerpt":{"rendered":"<p>Pension pour chevaux retrait\u00e9s Le bien \u00eatre de votre cheval est notre priorit\u00e9. Tarifs de base : 500.- CHF \/ mois D\u00e9couvrir nos tarifs Infrastructures Stabulation libre Stabulation libre aux normes avec couche profonde paill\u00e9e quotidiennement (paille bio produite sur l\u2019exploitation). R\u00e2teliers R\u00e2teliers en libres services int\u00e9rieurs et ext\u00e9rieurs. Acc\u00e8s Acc\u00e8s SST-SRPA \u00e0 l\u2019ann\u00e9e. Acc\u00e8s [&hellip;]<\/p>\n","protected":false},"author":1,"featured_media":0,"parent":0,"menu_order":0,"comment_status":"closed","ping_status":"closed","template":"","meta":{"inline_featured_image":false,"_sitemap_exclude":false,"_sitemap_priority":"","_sitemap_frequency":"","footnotes":""},"class_list":["post-15","page","type-page","status-publish","hentry"],"yoast_head":"<!-- This site is optimized with the Yoast SEO plugin v27.4 - https:\/\/yoast.com\/product\/yoast-seo-wordpress\/ -->\n<title>Pension pour chevaux retrait\u00e9s - Pension pour chevaux retrait\u00e9s dans le Jura.<\/title>\n<meta name=\"robots\" content=\"index, follow, max-snippet:-1, max-image-preview:large, max-video-preview:-1\" \/>\n<link rel=\"canonical\" href=\"https:\/\/pensionmaryam.ch\/fr\/pension-pour-chevaux-retraites\/\" \/>\n<meta property=\"og:locale\" content=\"fr_FR\" \/>\n<meta property=\"og:type\" content=\"article\" \/>\n<meta property=\"og:title\" content=\"Pension pour chevaux retrait\u00e9s - Pension pour chevaux retrait\u00e9s dans le Jura.\" \/>\n<meta property=\"og:description\" content=\"Pension pour chevaux retrait\u00e9s Le bien \u00eatre de votre cheval est notre priorit\u00e9. Tarifs de base : 500.- CHF \/ mois D\u00e9couvrir nos tarifs Infrastructures Stabulation libre Stabulation libre aux normes avec couche profonde paill\u00e9e quotidiennement (paille bio produite sur l\u2019exploitation). R\u00e2teliers R\u00e2teliers en libres services int\u00e9rieurs et ext\u00e9rieurs. Acc\u00e8s Acc\u00e8s SST-SRPA \u00e0 l\u2019ann\u00e9e. Acc\u00e8s [&hellip;]\" \/>\n<meta property=\"og:url\" content=\"https:\/\/pensionmaryam.ch\/fr\/pension-pour-chevaux-retraites\/\" \/>\n<meta property=\"og:site_name\" content=\"Pension pour chevaux retrait\u00e9s dans le Jura.\" \/>\n<meta property=\"article:modified_time\" content=\"2026-03-13T12:38:21+00:00\" \/>\n<meta property=\"og:image\" content=\"https:\/\/pensionmaryam.ch\/wp-content\/uploads\/2024\/05\/hero.jpg\" \/>\n\t<meta property=\"og:image:width\" content=\"1680\" \/>\n\t<meta property=\"og:image:height\" content=\"945\" \/>\n\t<meta property=\"og:image:type\" content=\"image\/jpeg\" \/>\n<meta name=\"twitter:card\" content=\"summary_large_image\" \/>\n<meta name=\"twitter:label1\" content=\"Dur\u00e9e de lecture estim\u00e9e\" \/>\n\t<meta name=\"twitter:data1\" content=\"1 minute\" \/>\n<script type=\"application\/ld+json\" class=\"yoast-schema-graph\">{\"@context\":\"https:\\\/\\\/schema.org\",\"@graph\":[{\"@type\":\"WebPage\",\"@id\":\"https:\\\/\\\/pensionmaryam.ch\\\/fr\\\/pension-pour-chevaux-retraites\\\/\",\"url\":\"https:\\\/\\\/pensionmaryam.ch\\\/fr\\\/pension-pour-chevaux-retraites\\\/\",\"name\":\"Pension pour chevaux retrait\u00e9s - Pension pour chevaux retrait\u00e9s dans le Jura.\",\"isPartOf\":{\"@id\":\"http:\\\/\\\/pensionmaryam.ch\\\/fr\\\/#website\"},\"datePublished\":\"2024-03-21T13:56:05+00:00\",\"dateModified\":\"2026-03-13T12:38:21+00:00\",\"breadcrumb\":{\"@id\":\"https:\\\/\\\/pensionmaryam.ch\\\/fr\\\/pension-pour-chevaux-retraites\\\/#breadcrumb\"},\"inLanguage\":\"fr-FR\",\"potentialAction\":[{\"@type\":\"ReadAction\",\"target\":[\"https:\\\/\\\/pensionmaryam.ch\\\/fr\\\/pension-pour-chevaux-retraites\\\/\"]}]},{\"@type\":\"BreadcrumbList\",\"@id\":\"https:\\\/\\\/pensionmaryam.ch\\\/fr\\\/pension-pour-chevaux-retraites\\\/#breadcrumb\",\"itemListElement\":[{\"@type\":\"ListItem\",\"position\":1,\"name\":\"Accueil\",\"item\":\"https:\\\/\\\/pensionmaryam.ch\\\/fr\\\/\"},{\"@type\":\"ListItem\",\"position\":2,\"name\":\"Pension pour chevaux retrait\u00e9s\"}]},{\"@type\":\"WebSite\",\"@id\":\"http:\\\/\\\/pensionmaryam.ch\\\/fr\\\/#website\",\"url\":\"http:\\\/\\\/pensionmaryam.ch\\\/fr\\\/\",\"name\":\"Pension pour chevaux retrait\u00e9s dans le Jura.\",\"description\":\"Offrez une retraite \u00e0 la hauteur de votre cheval.\",\"publisher\":{\"@id\":\"http:\\\/\\\/pensionmaryam.ch\\\/fr\\\/#organization\"},\"potentialAction\":[{\"@type\":\"SearchAction\",\"target\":{\"@type\":\"EntryPoint\",\"urlTemplate\":\"http:\\\/\\\/pensionmaryam.ch\\\/fr\\\/?s={search_term_string}\"},\"query-input\":{\"@type\":\"PropertyValueSpecification\",\"valueRequired\":true,\"valueName\":\"search_term_string\"}}],\"inLanguage\":\"fr-FR\"},{\"@type\":\"Organization\",\"@id\":\"http:\\\/\\\/pensionmaryam.ch\\\/fr\\\/#organization\",\"name\":\"Pension Maryam\",\"url\":\"http:\\\/\\\/pensionmaryam.ch\\\/fr\\\/\",\"logo\":{\"@type\":\"ImageObject\",\"inLanguage\":\"fr-FR\",\"@id\":\"http:\\\/\\\/pensionmaryam.ch\\\/fr\\\/#\\\/schema\\\/logo\\\/image\\\/\",\"url\":\"https:\\\/\\\/pensionmaryam.ch\\\/wp-content\\\/uploads\\\/2024\\\/04\\\/logo.svg\",\"contentUrl\":\"https:\\\/\\\/pensionmaryam.ch\\\/wp-content\\\/uploads\\\/2024\\\/04\\\/logo.svg\",\"width\":2267,\"height\":2267,\"caption\":\"Pension Maryam\"},\"image\":{\"@id\":\"http:\\\/\\\/pensionmaryam.ch\\\/fr\\\/#\\\/schema\\\/logo\\\/image\\\/\"}}]}<\/script>\n<!-- \/ Yoast SEO plugin. -->","yoast_head_json":{"title":"Pension pour chevaux retrait\u00e9s - Pension pour chevaux retrait\u00e9s dans le Jura.","robots":{"index":"index","follow":"follow","max-snippet":"max-snippet:-1","max-image-preview":"max-image-preview:large","max-video-preview":"max-video-preview:-1"},"canonical":"https:\/\/pensionmaryam.ch\/fr\/pension-pour-chevaux-retraites\/","og_locale":"fr_FR","og_type":"article","og_title":"Pension pour chevaux retrait\u00e9s - Pension pour chevaux retrait\u00e9s dans le Jura.","og_description":"Pension pour chevaux retrait\u00e9s Le bien \u00eatre de votre cheval est notre priorit\u00e9. Tarifs de base : 500.- CHF \/ mois D\u00e9couvrir nos tarifs Infrastructures Stabulation libre Stabulation libre aux normes avec couche profonde paill\u00e9e quotidiennement (paille bio produite sur l\u2019exploitation). R\u00e2teliers R\u00e2teliers en libres services int\u00e9rieurs et ext\u00e9rieurs. Acc\u00e8s Acc\u00e8s SST-SRPA \u00e0 l\u2019ann\u00e9e. Acc\u00e8s [&hellip;]","og_url":"https:\/\/pensionmaryam.ch\/fr\/pension-pour-chevaux-retraites\/","og_site_name":"Pension pour chevaux retrait\u00e9s dans le Jura.","article_modified_time":"2026-03-13T12:38:21+00:00","og_image":[{"width":1680,"height":945,"url":"https:\/\/pensionmaryam.ch\/wp-content\/uploads\/2024\/05\/hero.jpg","type":"image\/jpeg"}],"twitter_card":"summary_large_image","twitter_misc":{"Dur\u00e9e de lecture estim\u00e9e":"1 minute"},"schema":{"@context":"https:\/\/schema.org","@graph":[{"@type":"WebPage","@id":"https:\/\/pensionmaryam.ch\/fr\/pension-pour-chevaux-retraites\/","url":"https:\/\/pensionmaryam.ch\/fr\/pension-pour-chevaux-retraites\/","name":"Pension pour chevaux retrait\u00e9s - Pension pour chevaux retrait\u00e9s dans le Jura.","isPartOf":{"@id":"https:\/\/pensionmaryam.ch\/fr\/#website"},"datePublished":"2024-03-21T13:56:05+00:00","dateModified":"2026-03-13T12:38:21+00:00","breadcrumb":{"@id":"https:\/\/pensionmaryam.ch\/fr\/pension-pour-chevaux-retraites\/#breadcrumb"},"inLanguage":"fr-FR","potentialAction":[{"@type":"ReadAction","target":["https:\/\/pensionmaryam.ch\/fr\/pension-pour-chevaux-retraites\/"]}]},{"@type":"BreadcrumbList","@id":"https:\/\/pensionmaryam.ch\/fr\/pension-pour-chevaux-retraites\/#breadcrumb","itemListElement":[{"@type":"ListItem","position":1,"name":"Accueil","item":"https:\/\/pensionmaryam.ch\/fr\/"},{"@type":"ListItem","position":2,"name":"Pension pour chevaux retrait\u00e9s"}]},{"@type":"WebSite","@id":"https:\/\/pensionmaryam.ch\/fr\/#website","url":"https:\/\/pensionmaryam.ch\/fr\/","name":"Pension pour chevaux retrait\u00e9s dans le Jura.","description":"Offrez une retraite \u00e0 la hauteur de votre cheval.","publisher":{"@id":"https:\/\/pensionmaryam.ch\/fr\/#organization"},"potentialAction":[{"@type":"SearchAction","target":{"@type":"EntryPoint","urlTemplate":"https:\/\/pensionmaryam.ch\/fr\/?s={search_term_string}"},"query-input":{"@type":"PropertyValueSpecification","valueRequired":true,"valueName":"search_term_string"}}],"inLanguage":"fr-FR"},{"@type":"Organization","@id":"https:\/\/pensionmaryam.ch\/fr\/#organization","name":"Pension Maryam","url":"https:\/\/pensionmaryam.ch\/fr\/","logo":{"@type":"ImageObject","inLanguage":"fr-FR","@id":"https:\/\/pensionmaryam.ch\/fr\/#\/schema\/logo\/image\/","url":"https:\/\/pensionmaryam.ch\/wp-content\/uploads\/2024\/04\/logo.svg","contentUrl":"https:\/\/pensionmaryam.ch\/wp-content\/uploads\/2024\/04\/logo.svg","width":2267,"height":2267,"caption":"Pension Maryam"},"image":{"@id":"https:\/\/pensionmaryam.ch\/fr\/#\/schema\/logo\/image\/"}}]}},"_links":{"self":[{"href":"https:\/\/pensionmaryam.ch\/fr\/wp-json\/wp\/v2\/pages\/15","targetHints":{"allow":["GET"]}}],"collection":[{"href":"https:\/\/pensionmaryam.ch\/fr\/wp-json\/wp\/v2\/pages"}],"about":[{"href":"https:\/\/pensionmaryam.ch\/fr\/wp-json\/wp\/v2\/types\/page"}],"author":[{"embeddable":true,"href":"https:\/\/pensionmaryam.ch\/fr\/wp-json\/wp\/v2\/users\/1"}],"replies":[{"embeddable":true,"href":"https:\/\/pensionmaryam.ch\/fr\/wp-json\/wp\/v2\/comments?post=15"}],"version-history":[{"count":31,"href":"https:\/\/pensionmaryam.ch\/fr\/wp-json\/wp\/v2\/pages\/15\/revisions"}],"predecessor-version":[{"id":280,"href":"https:\/\/pensionmaryam.ch\/fr\/wp-json\/wp\/v2\/pages\/15\/revisions\/280"}],"wp:attachment":[{"href":"https:\/\/pensionmaryam.ch\/fr\/wp-json\/wp\/v2\/media?parent=15"}],"curies":[{"name":"wp","href":"https:\/\/api.w.org\/{rel}","templated":true}]}}